{"id":68,"date":"2021-06-07T08:52:21","date_gmt":"2021-06-07T08:52:21","guid":{"rendered":"https:\/\/new-irina.novaworks.net\/?page_id=68"},"modified":"2023-07-14T01:32:39","modified_gmt":"2023-07-14T01:32:39","slug":"about-us","status":"publish","type":"page","link":"https:\/\/saldanamx.com\/?page_id=68","title":{"rendered":"About Us"},"content":{"rendered":"\t\t<div data-elementor-type=\"wp-page\" data-elementor-id=\"68\" class=\"elementor elementor-68\" data-elementor-post-type=\"page\">\n\t\t\t\t\t\t<section class=\"elementor-section elementor-top-section elementor-element elementor-element-d7cdde9 elementor-section-boxed elementor-section-height-default elementor-section-height-default\" data-id=\"d7cdde9\" data-element_type=\"section\">\n\t\t\t\t\t\t<div class=\"elementor-container elementor-column-gap-default\">\n\t\t\t\t\t<div class=\"elementor-column elementor-col-100 elementor-top-column elementor-element elementor-element-98509d6\" data-id=\"98509d6\" data-element_type=\"column\">\n\t\t\t<div class=\"elementor-widget-wrap elementor-element-populated\">\n\t\t\t\t\t\t<div class=\"elementor-element elementor-element-becb666 elementor-widget elementor-widget-spacer\" data-id=\"becb666\" data-element_type=\"widget\" data-widget_type=\"spacer.default\">\n\t\t\t\t<div class=\"elementor-widget-container\">\n\t\t\t\t\t\t\t<div class=\"elementor-spacer\">\n\t\t\t<div class=\"elementor-spacer-inner\"><\/div>\n\t\t<\/div>\n\t\t\t\t\t\t<\/div>\n\t\t\t\t<\/div>\n\t\t\t\t<div class=\"elementor-element elementor-element-105026b elementor-widget elementor-widget-heading\" data-id=\"105026b\" data-element_type=\"widget\" data-widget_type=\"heading.default\">\n\t\t\t\t<div class=\"elementor-widget-container\">\n\t\t\t\t\t<h2 class=\"elementor-heading-title elementor-size-default\">Descubre nuestra historia<\/h2>\t\t\t\t<\/div>\n\t\t\t\t<\/div>\n\t\t\t\t<div class=\"elementor-element elementor-element-9fdc4c6 elementor-widget elementor-widget-heading\" data-id=\"9fdc4c6\" data-element_type=\"widget\" data-widget_type=\"heading.default\">\n\t\t\t\t<div class=\"elementor-widget-container\">\n\t\t\t\t\t<h2 class=\"elementor-heading-title elementor-size-default\">Conoce la esencia de Saldana y nuestra pasi\u00f3n por la moda aut\u00e9ntica<\/h2>\t\t\t\t<\/div>\n\t\t\t\t<\/div>\n\t\t\t\t<div class=\"elementor-element elementor-element-245649f elementor-widget elementor-widget-spacer\" data-id=\"245649f\" data-element_type=\"widget\" data-widget_type=\"spacer.default\">\n\t\t\t\t<div class=\"elementor-widget-container\">\n\t\t\t\t\t\t\t<div class=\"elementor-spacer\">\n\t\t\t<div class=\"elementor-spacer-inner\"><\/div>\n\t\t<\/div>\n\t\t\t\t\t\t<\/div>\n\t\t\t\t<\/div>\n\t\t\t\t\t<\/div>\n\t\t<\/div>\n\t\t\t\t\t<\/div>\n\t\t<\/section>\n\t\t\t\t<section class=\"elementor-section elementor-top-section elementor-element elementor-element-c01d35e elementor-section-boxed elementor-section-height-default elementor-section-height-default\" data-id=\"c01d35e\" data-element_type=\"section\">\n\t\t\t\t\t\t<div class=\"elementor-container elementor-column-gap-default\">\n\t\t\t\t\t<div class=\"elementor-column elementor-col-100 elementor-top-column elementor-element elementor-element-18a6d8d\" data-id=\"18a6d8d\" data-element_type=\"column\">\n\t\t\t<div class=\"elementor-widget-wrap elementor-element-populated\">\n\t\t\t\t\t\t<div class=\"elementor-element elementor-element-20fab23 elementor-widget elementor-widget-image\" data-id=\"20fab23\" data-element_type=\"widget\" data-widget_type=\"image.default\">\n\t\t\t\t<div class=\"elementor-widget-container\">\n\t\t\t\t\t\t\t\t\t\t\t\t\t\t\t<img fetchpriority=\"high\" decoding=\"async\" width=\"2560\" height=\"1707\" src=\"https:\/\/saldanamx.com\/wp-content\/uploads\/2023\/06\/DSC_0138.JPG-scaled.webp\" class=\"attachment-full size-full wp-image-3704\" alt=\"\" srcset=\"https:\/\/saldanamx.com\/wp-content\/uploads\/2023\/06\/DSC_0138.JPG-scaled.webp 2560w, https:\/\/saldanamx.com\/wp-content\/uploads\/2023\/06\/DSC_0138.JPG-300x200.webp 300w, https:\/\/saldanamx.com\/wp-content\/uploads\/2023\/06\/DSC_0138.JPG-1024x683.webp 1024w, https:\/\/saldanamx.com\/wp-content\/uploads\/2023\/06\/DSC_0138.JPG-768x512.webp 768w, https:\/\/saldanamx.com\/wp-content\/uploads\/2023\/06\/DSC_0138.JPG-1536x1024.webp 1536w, https:\/\/saldanamx.com\/wp-content\/uploads\/2023\/06\/DSC_0138.JPG-2048x1365.webp 2048w, https:\/\/saldanamx.com\/wp-content\/uploads\/2023\/06\/DSC_0138.JPG-1100x733.webp 1100w\" sizes=\"(max-width: 2560px) 100vw, 2560px\" \/>\t\t\t\t\t\t\t\t\t\t\t\t\t\t\t<\/div>\n\t\t\t\t<\/div>\n\t\t\t\t\t<\/div>\n\t\t<\/div>\n\t\t\t\t\t<\/div>\n\t\t<\/section>\n\t\t\t\t<section class=\"elementor-section elementor-top-section elementor-element elementor-element-11aa511 elementor-section-boxed elementor-section-height-default elementor-section-height-default\" data-id=\"11aa511\" data-element_type=\"section\">\n\t\t\t\t\t\t<div class=\"elementor-container elementor-column-gap-default\">\n\t\t\t\t\t<div class=\"elementor-column elementor-col-100 elementor-top-column elementor-element elementor-element-666af87\" data-id=\"666af87\" data-element_type=\"column\">\n\t\t\t<div class=\"elementor-widget-wrap elementor-element-populated\">\n\t\t\t\t\t\t<div class=\"elementor-element elementor-element-033058e elementor-widget elementor-widget-spacer\" data-id=\"033058e\" data-element_type=\"widget\" data-widget_type=\"spacer.default\">\n\t\t\t\t<div class=\"elementor-widget-container\">\n\t\t\t\t\t\t\t<div class=\"elementor-spacer\">\n\t\t\t<div class=\"elementor-spacer-inner\"><\/div>\n\t\t<\/div>\n\t\t\t\t\t\t<\/div>\n\t\t\t\t<\/div>\n\t\t\t\t<div class=\"elementor-element elementor-element-d86f435 elementor-widget elementor-widget-heading\" data-id=\"d86f435\" data-element_type=\"widget\" data-widget_type=\"heading.default\">\n\t\t\t\t<div class=\"elementor-widget-container\">\n\t\t\t\t\t<h6 class=\"elementor-heading-title elementor-size-default\">\"En Saldana, creemos que la moda va m\u00e1s all\u00e1 de lo superficial. Es una expresi\u00f3n de individualidad y una declaraci\u00f3n de confianza en uno mismo.\"<\/h6>\t\t\t\t<\/div>\n\t\t\t\t<\/div>\n\t\t\t\t<div class=\"elementor-element elementor-element-7e87c18 elementor-widget elementor-widget-heading\" data-id=\"7e87c18\" data-element_type=\"widget\" data-widget_type=\"heading.default\">\n\t\t\t\t<div class=\"elementor-widget-container\">\n\t\t\t\t\t<p class=\"elementor-heading-title elementor-size-default\">Bienvenida a Saldana, donde la moda encuentra su m\u00e1xima expresi\u00f3n en camisetas b\u00e1sicas de alta calidad. Nacimos en plena pandemia, cuando el desempleo y el deseo de emprender se entrelazaron en nuestra mente. \n<br><br>\nDurante el confinamiento, nos dimos cuenta de que las camisetas eran una elecci\u00f3n constante. Pero las prendas de moda r\u00e1pida se desvanec\u00edan r\u00e1pidamente, perdiendo su encanto. Decidimos cambiar eso. Porque sabemos que la moda implica sentirnos c\u00f3modos con lo que llevamos puesto.\n<br><br>\nEn Saldana, comprendemos que las personas no son b\u00e1sicas ni por sus gustos ni por su vestimenta. Todos somos complejos, diferentes y en esa diversidad radica nuestra verdadera belleza. Los b\u00e1sicos se transforman en algo extraordinario cuando les imprimimos nuestro propio estilo.\n<br><br>\nCon Saldana, queremos que cada persona exprese su estilo a trav\u00e9s de camisetas b\u00e1sicas de alta calidad. Nuestras prendas se adaptan a cualquier ocasi\u00f3n y estilo, ya sea en la oficina, en una comida con amigos o en una salida nocturna. Son elegantes, cl\u00e1sicas, relajadas y atemporales, pero sobre todo, c\u00f3modas.\n<br><br>\nFabricadas con el mejor algod\u00f3n peruano, el PIMA Cotton, nuestras camisetas son fuertes, resistentes y duraderas. Las fibras largas del PIMA Cotton brindan una suavidad incomparable. Adem\u00e1s, este algod\u00f3n es resistente a la decoloraci\u00f3n y a la formaci\u00f3n de bolitas. Si buscas una camiseta suave, duradera y de alta calidad, Saldana es la elecci\u00f3n perfecta.<\/p>\t\t\t\t<\/div>\n\t\t\t\t<\/div>\n\t\t\t\t<div class=\"elementor-element elementor-element-fa2b30b elementor-widget elementor-widget-image\" data-id=\"fa2b30b\" data-element_type=\"widget\" data-widget_type=\"image.default\">\n\t\t\t\t<div class=\"elementor-widget-container\">\n\t\t\t\t\t\t\t\t\t\t\t\t\t\t\t<img decoding=\"async\" width=\"683\" height=\"1024\" src=\"https:\/\/saldanamx.com\/wp-content\/uploads\/2023\/06\/DSC_0215.JPG-683x1024.webp\" class=\"attachment-large size-large wp-image-3715\" alt=\"\" srcset=\"https:\/\/saldanamx.com\/wp-content\/uploads\/2023\/06\/DSC_0215.JPG-683x1024.webp 683w, https:\/\/saldanamx.com\/wp-content\/uploads\/2023\/06\/DSC_0215.JPG-200x300.webp 200w, https:\/\/saldanamx.com\/wp-content\/uploads\/2023\/06\/DSC_0215.JPG-768x1152.webp 768w, https:\/\/saldanamx.com\/wp-content\/uploads\/2023\/06\/DSC_0215.JPG-1024x1536.webp 1024w, https:\/\/saldanamx.com\/wp-content\/uploads\/2023\/06\/DSC_0215.JPG-1365x2048.webp 1365w, https:\/\/saldanamx.com\/wp-content\/uploads\/2023\/06\/DSC_0215.JPG-1100x1650.webp 1100w, https:\/\/saldanamx.com\/wp-content\/uploads\/2023\/06\/DSC_0215.JPG-scaled.webp 1707w\" sizes=\"(max-width: 683px) 100vw, 683px\" \/>\t\t\t\t\t\t\t\t\t\t\t\t\t\t\t<\/div>\n\t\t\t\t<\/div>\n\t\t\t\t\t<\/div>\n\t\t<\/div>\n\t\t\t\t\t<\/div>\n\t\t<\/section>\n\t\t\t\t<section class=\"elementor-section elementor-top-section elementor-element elementor-element-6e796bb elementor-section-boxed elementor-section-height-default elementor-section-height-default\" data-id=\"6e796bb\" data-element_type=\"section\">\n\t\t\t\t\t\t<div class=\"elementor-container elementor-column-gap-default\">\n\t\t\t\t\t<div class=\"elementor-column elementor-col-100 elementor-top-column elementor-element elementor-element-216f0af\" data-id=\"216f0af\" data-element_type=\"column\">\n\t\t\t<div class=\"elementor-widget-wrap elementor-element-populated\">\n\t\t\t\t\t\t<div class=\"elementor-element elementor-element-364f04c elementor-widget elementor-widget-spacer\" data-id=\"364f04c\" data-element_type=\"widget\" data-widget_type=\"spacer.default\">\n\t\t\t\t<div class=\"elementor-widget-container\">\n\t\t\t\t\t\t\t<div class=\"elementor-spacer\">\n\t\t\t<div class=\"elementor-spacer-inner\"><\/div>\n\t\t<\/div>\n\t\t\t\t\t\t<\/div>\n\t\t\t\t<\/div>\n\t\t\t\t<div class=\"elementor-element elementor-element-35f7016 elementor-widget elementor-widget-heading\" data-id=\"35f7016\" data-element_type=\"widget\" data-widget_type=\"heading.default\">\n\t\t\t\t<div class=\"elementor-widget-container\">\n\t\t\t\t\t<p class=\"elementor-heading-title elementor-size-default\">Bienvenida a nuestro mundo, donde las camisetas se convierten en una expresi\u00f3n \u00fanica de estilo. \u00danete a nosotros y descubre la verdadera esencia de la moda en Saldana.<\/p>\t\t\t\t<\/div>\n\t\t\t\t<\/div>\n\t\t\t\t<div class=\"elementor-element elementor-element-7bc437f elementor-widget elementor-widget-spacer\" data-id=\"7bc437f\" data-element_type=\"widget\" data-widget_type=\"spacer.default\">\n\t\t\t\t<div class=\"elementor-widget-container\">\n\t\t\t\t\t\t\t<div class=\"elementor-spacer\">\n\t\t\t<div class=\"elementor-spacer-inner\"><\/div>\n\t\t<\/div>\n\t\t\t\t\t\t<\/div>\n\t\t\t\t<\/div>\n\t\t\t\t\t<\/div>\n\t\t<\/div>\n\t\t\t\t\t<\/div>\n\t\t<\/section>\n\t\t\t\t<section class=\"elementor-section elementor-top-section elementor-element elementor-element-92b9588 elementor-section-boxed elementor-section-height-default elementor-section-height-default\" data-id=\"92b9588\" data-element_type=\"section\">\n\t\t\t\t\t\t<div class=\"elementor-container elementor-column-gap-extended\">\n\t\t\t\t\t<div class=\"elementor-column elementor-col-33 elementor-top-column elementor-element elementor-element-21f64ea\" data-id=\"21f64ea\" data-element_type=\"column\">\n\t\t\t<div class=\"elementor-widget-wrap\">\n\t\t\t\t\t\t\t<\/div>\n\t\t<\/div>\n\t\t\t\t<div class=\"elementor-column elementor-col-33 elementor-top-column elementor-element elementor-element-efc964b\" data-id=\"efc964b\" data-element_type=\"column\">\n\t\t\t<div class=\"elementor-widget-wrap elementor-element-populated\">\n\t\t\t\t\t\t<div class=\"elementor-element elementor-element-7066b11 elementor-flip-box--effect-fade elementor-widget elementor-widget-flip-box\" data-id=\"7066b11\" data-element_type=\"widget\" data-widget_type=\"flip-box.default\">\n\t\t\t\t<div class=\"elementor-widget-container\">\n\t\t\t\t\t\t\t<div class=\"elementor-flip-box\" tabindex=\"0\">\n\t\t\t<div class=\"elementor-flip-box__layer elementor-flip-box__front\">\n\t\t\t\t<div class=\"elementor-flip-box__layer__overlay\">\n\t\t\t\t\t<div class=\"elementor-flip-box__layer__inner\">\n\t\t\t\t\t\t\t\t\t\t\t\t\t<div class=\"elementor-icon-wrapper elementor-view-default\">\n\t\t\t\t\t\t\t\t<div class=\"elementor-icon\">\n\t\t\t\t\t\t\t\t\t\t\t\t\t\t\t\t\t<\/div>\n\t\t\t\t\t\t\t<\/div>\n\t\t\t\t\t\t\n\t\t\t\t\t\t\n\t\t\t\t\t\t\t\t\t\t\t<\/div>\n\t\t\t\t<\/div>\n\t\t\t<\/div>\n\t\t\t<div class=\"elementor-flip-box__layer elementor-flip-box__back\">\n\t\t\t<div class=\"elementor-flip-box__layer__overlay\">\n\t\t\t\t<div class=\"elementor-flip-box__layer__inner\">\n\t\t\t\t\t\t\t\t\t\t\t<h3 class=\"elementor-flip-box__layer__title\">\n\t\t\t\t\t\t\tMar\u00eda Paula\t\t\t\t\t\t<\/h3>\n\t\t\t\t\t\n\t\t\t\t\t\t\t\t\t\t\t<div class=\"elementor-flip-box__layer__description\">\n\t\t\t\t\t\t\tSomos una marca mexicana, con productos peruanos, que busca eliminar el fast fashion, con productos de alta calidad.  Con SALDANA, trato de comunicar que cada persona transmita su estilo por medio de una camisetas b\u00e1sicas de alta calidad (luxury) ya que las puedes combinar y usar de distintas formas, ya sea con outfits m\u00e1s coloridos o m\u00e1s neutros.\nDecid\u00ed hacer las camisetas b\u00e1sicas porque creo que estar a la moda es sentirse c\u00f3moda con lo que traemos puesto. Los b\u00e1sicos dejan de ser b\u00e1sicos cuando los haces a tu forma, cuando t\u00fa le pones tu propio estilo.\t\t\t\t\t\t<\/div>\n\t\t\t\t\t\n\t\t\t\t\t\t\t\t\t\t\t<a class=\"elementor-flip-box__button elementor-button elementor-size-sm\" href=\"https:\/\/www.instagram.com\/saldana.mex\/\">\n\t\t\t\t\t\t\tInstagram\t\t\t\t\t\t<\/a>\n\t\t\t\t\t\t\t\t<\/div>\n\t\t<\/div>\n\t\t<\/div>\n\t\t<\/div>\n\t\t\t\t\t\t<\/div>\n\t\t\t\t<\/div>\n\t\t\t\t\t<\/div>\n\t\t<\/div>\n\t\t\t\t<div class=\"elementor-column elementor-col-33 elementor-top-column elementor-element elementor-element-b516748\" data-id=\"b516748\" data-element_type=\"column\">\n\t\t\t<div class=\"elementor-widget-wrap\">\n\t\t\t\t\t\t\t<\/div>\n\t\t<\/div>\n\t\t\t\t\t<\/div>\n\t\t<\/section>\n\t\t\t\t<section class=\"elementor-section elementor-top-section elementor-element elementor-element-2578216 elementor-section-boxed elementor-section-height-default elementor-section-height-default\" data-id=\"2578216\" data-element_type=\"section\">\n\t\t\t\t\t\t<div class=\"elementor-container elementor-column-gap-default\">\n\t\t\t\t\t<div class=\"elementor-column elementor-col-100 elementor-top-column elementor-element elementor-element-27be1b9\" data-id=\"27be1b9\" data-element_type=\"column\">\n\t\t\t<div class=\"elementor-widget-wrap elementor-element-populated\">\n\t\t\t\t\t\t<div class=\"elementor-element elementor-element-0cc9809 elementor-widget elementor-widget-spacer\" data-id=\"0cc9809\" data-element_type=\"widget\" data-widget_type=\"spacer.default\">\n\t\t\t\t<div class=\"elementor-widget-container\">\n\t\t\t\t\t\t\t<div class=\"elementor-spacer\">\n\t\t\t<div class=\"elementor-spacer-inner\"><\/div>\n\t\t<\/div>\n\t\t\t\t\t\t<\/div>\n\t\t\t\t<\/div>\n\t\t\t\t<div class=\"elementor-element elementor-element-1daab63 elementor-widget elementor-widget-heading\" data-id=\"1daab63\" data-element_type=\"widget\" data-widget_type=\"heading.default\">\n\t\t\t\t<div class=\"elementor-widget-container\">\n\t\t\t\t\t<h2 class=\"elementor-heading-title elementor-size-default\">\u00bfTienes algo en mente?<\/h2>\t\t\t\t<\/div>\n\t\t\t\t<\/div>\n\t\t\t\t<div class=\"elementor-element elementor-element-59467ec elementor-widget elementor-widget-heading\" data-id=\"59467ec\" data-element_type=\"widget\" data-widget_type=\"heading.default\">\n\t\t\t\t<div class=\"elementor-widget-container\">\n\t\t\t\t\t<h2 class=\"elementor-heading-title elementor-size-default\">Trabajemos juntos.<\/h2>\t\t\t\t<\/div>\n\t\t\t\t<\/div>\n\t\t\t\t<div class=\"elementor-element elementor-element-7511ba8 elementor-widget elementor-widget-spacer\" data-id=\"7511ba8\" data-element_type=\"widget\" data-widget_type=\"spacer.default\">\n\t\t\t\t<div class=\"elementor-widget-container\">\n\t\t\t\t\t\t\t<div class=\"elementor-spacer\">\n\t\t\t<div class=\"elementor-spacer-inner\"><\/div>\n\t\t<\/div>\n\t\t\t\t\t\t<\/div>\n\t\t\t\t<\/div>\n\t\t\t\t<div class=\"elementor-element elementor-element-94ba4f5 elementor-laptop-align-left elementor-align-center elementor-widget__width-auto elementor-widget elementor-widget-button\" data-id=\"94ba4f5\" data-element_type=\"widget\" data-settings=\"{&quot;_animation&quot;:&quot;none&quot;}\" data-widget_type=\"button.default\">\n\t\t\t\t<div class=\"elementor-widget-container\">\n\t\t\t\t\t\t\t\t\t<div class=\"elementor-button-wrapper\">\n\t\t\t\t\t<a class=\"elementor-button elementor-button-link elementor-size-sm\" href=\"https:\/\/saldanamx.com\/?page_id=69\">\n\t\t\t\t\t\t<span class=\"elementor-button-content-wrapper\">\n\t\t\t\t\t\t<span class=\"elementor-button-icon\">\n\t\t\t\t<i aria-hidden=\"true\" class=\"dlicon arrows-1_tail-right\"><\/i>\t\t\t<\/span>\n\t\t\t\t\t\t\t\t\t<span class=\"elementor-button-text\">Cont\u00e1ctanos<\/span>\n\t\t\t\t\t<\/span>\n\t\t\t\t\t<\/a>\n\t\t\t\t<\/div>\n\t\t\t\t\t\t\t\t<\/div>\n\t\t\t\t<\/div>\n\t\t\t\t<div class=\"elementor-element elementor-element-909e37a elementor-widget elementor-widget-spacer\" data-id=\"909e37a\" data-element_type=\"widget\" data-widget_type=\"spacer.default\">\n\t\t\t\t<div class=\"elementor-widget-container\">\n\t\t\t\t\t\t\t<div class=\"elementor-spacer\">\n\t\t\t<div class=\"elementor-spacer-inner\"><\/div>\n\t\t<\/div>\n\t\t\t\t\t\t<\/div>\n\t\t\t\t<\/div>\n\t\t\t\t\t<\/div>\n\t\t<\/div>\n\t\t\t\t\t<\/div>\n\t\t<\/section>\n\t\t\t\t<\/div>\n\t\t","protected":false},"excerpt":{"rendered":"<p>Descubre nuestra historia Conoce la esencia de Saldana y nuestra pasi\u00f3n por la moda aut\u00e9ntica &#8220;En Saldana, creemos que la moda va m\u00e1s all\u00e1 de lo superficial. Es una expresi\u00f3n de individualidad y una declaraci\u00f3n de confianza en uno mismo.&#8221; Bienvenida a Saldana, donde la moda encuentra su m\u00e1xima expresi\u00f3n en camisetas b\u00e1sicas de alta [&hellip;]<\/p>\n","protected":false},"author":1,"featured_media":0,"parent":0,"menu_order":0,"comment_status":"closed","ping_status":"closed","template":"","meta":{"footnotes":""},"class_list":["post-68","page","type-page","status-publish","hentry","entry","owp-thumbs-layout-horizontal","owp-btn-normal","owp-tabs-layout-horizontal","has-no-thumbnails","has-product-nav"],"_links":{"self":[{"href":"https:\/\/saldanamx.com\/index.php?rest_route=\/wp\/v2\/pages\/68","targetHints":{"allow":["GET"]}}],"collection":[{"href":"https:\/\/saldanamx.com\/index.php?rest_route=\/wp\/v2\/pages"}],"about":[{"href":"https:\/\/saldanamx.com\/index.php?rest_route=\/wp\/v2\/types\/page"}],"author":[{"embeddable":true,"href":"https:\/\/saldanamx.com\/index.php?rest_route=\/wp\/v2\/users\/1"}],"replies":[{"embeddable":true,"href":"https:\/\/saldanamx.com\/index.php?rest_route=%2Fwp%2Fv2%2Fcomments&post=68"}],"version-history":[{"count":37,"href":"https:\/\/saldanamx.com\/index.php?rest_route=\/wp\/v2\/pages\/68\/revisions"}],"predecessor-version":[{"id":3913,"href":"https:\/\/saldanamx.com\/index.php?rest_route=\/wp\/v2\/pages\/68\/revisions\/3913"}],"wp:attachment":[{"href":"https:\/\/saldanamx.com\/index.php?rest_route=%2Fwp%2Fv2%2Fmedia&parent=68"}],"curies":[{"name":"wp","href":"https:\/\/api.w.org\/{rel}","templated":true}]}}